{"id":35,"date":"2023-10-18T23:46:47","date_gmt":"2023-10-18T23:46:47","guid":{"rendered":"https:\/\/dutreras.cl\/blog\/?page_id=35"},"modified":"2026-03-28T07:09:16","modified_gmt":"2026-03-28T07:09:16","slug":"about","status":"publish","type":"page","link":"https:\/\/dutreras.cl\/blog\/about\/","title":{"rendered":"Sobre Mi"},"content":{"rendered":"<div>    <div id=\"hero\" class=\"carousel slide\" data-bs-ride=\"carousel\">\n        <!-- Indicadores -->\n        <div class=\"carousel-indicators\">\n                            <button type=\"button\" data-bs-target=\"#hero\" data-bs-slide-to=\"0\" class=\"active\" aria-current=\"true\" aria-label=\"Slide 1\"><\/button>\n                            <button type=\"button\" data-bs-target=\"#hero\" data-bs-slide-to=\"1\" class=\"\" aria-current=\"true\" aria-label=\"Slide 2\"><\/button>\n                            <button type=\"button\" data-bs-target=\"#hero\" data-bs-slide-to=\"2\" class=\"\" aria-current=\"true\" aria-label=\"Slide 3\"><\/button>\n                    <\/div>\n\n        <!-- Slides din\u00e1micos -->\n        <div class=\"carousel-inner\">\n                                        <div class=\"carousel-item active\">\n                                <div class=\"position-relative w-100 h-100\">\n                                    <img decoding=\"async\" src=\"https:\/\/dutreras.cl\/blog\/wp-content\/uploads\/2025\/10\/ChatGPT-Image-Oct-2-2025-10_08_07-AM.png\" class=\"d-block w-100 h-100\" style=\"object-fit: cover;\" alt=\"Slide 1\">\n\n                                    <div class=\"carousel-caption\" data-aos=\"zoom-in\" data-aos-delay=\"200\">\n                                        <div class=\"hero-text-container\" data-aos=\"fade-up\" data-aos-delay=\"300\">\n                                            <h2>Mentorias<\/h2>\n                                            <p>Gu\u00edas y programas para cuerpo y mente.<\/p>\n                                        <\/div>\n                                    <\/div>\n                                <\/div>\n                            <\/div>\n                                                        <div class=\"carousel-item \">\n                                <div class=\"position-relative w-100 h-100\">\n                                    <img decoding=\"async\" src=\"https:\/\/dutreras.cl\/blog\/wp-content\/uploads\/2025\/10\/ChatGPT-Image-Oct-2-2025-10_08_07-AM.png\" class=\"d-block w-100 h-100\" style=\"object-fit: cover;\" alt=\"Slide 2\">\n\n                                    <div class=\"carousel-caption\" data-aos=\"zoom-in\" data-aos-delay=\"200\">\n                                        <div class=\"hero-text-container\" data-aos=\"fade-up\" data-aos-delay=\"300\">\n                                            <h2>Dise\u00f1os<\/h2>\n                                            <p>Identidades comerciales y art\u00edsticas.<\/p>\n                                        <\/div>\n                                    <\/div>\n                                <\/div>\n                            <\/div>\n                                                        <div class=\"carousel-item \">\n                                <div class=\"position-relative w-100 h-100\">\n                                    <img decoding=\"async\" src=\"https:\/\/dutreras.cl\/blog\/wp-content\/uploads\/2025\/10\/ChatGPT-Image-Oct-2-2025-10_08_07-AM.png\" class=\"d-block w-100 h-100\" style=\"object-fit: cover;\" alt=\"Slide 3\">\n\n                                    <div class=\"carousel-caption\" data-aos=\"zoom-in\" data-aos-delay=\"200\">\n                                        <div class=\"hero-text-container\" data-aos=\"fade-up\" data-aos-delay=\"300\">\n                                            <h2>Apps<\/h2>\n                                            <p>Dise\u00f1o y desarrollo de startups.<\/p>\n                                        <\/div>\n                                    <\/div>\n                                <\/div>\n                            <\/div>\n                                    <\/div>\n\n        <!-- Controles -->\n        <button class=\"carousel-control-prev\" type=\"button\" data-bs-target=\"#hero\" data-bs-slide=\"prev\">\n            <span class=\"carousel-control-prev-icon\" aria-hidden=\"true\"><\/span>\n            <span class=\"visually-hidden\">Previous<\/span>\n        <\/button>\n        <button class=\"carousel-control-next\" type=\"button\" data-bs-target=\"#hero\" data-bs-slide=\"next\">\n            <span class=\"carousel-control-next-icon\" aria-hidden=\"true\"><\/span>\n            <span class=\"visually-hidden\">Next<\/span>\n        <\/button>\n    <\/div>\n    <\/div>\n<div>    <section id=\"about-me\" class=\"p-5 bg-light\">\n        <div class=\"container\" data-aos=\"fade-up\">\n            <div class=\"text-center mb-5 intro-card\">\n                <h1 class=\"display-4 animated-text\">Sobre Mi<\/h1>\n                <p class=\"lead\"><p> Estoy al servicio de la creaci\u00f3n: canto, c\u00f3digo y conciencia entrelazados en la misma ra\u00edz.<br> <\/p> <p> Integro ciencias y artes como lenguajes que revelan patrones, donde cada sistema, cada melod\u00eda, educa y transforma.<br> <\/p> <p> El orden nace de la constancia: estructuras limpias que sostienen la obra, arquitecturas vivas que impulsan acci\u00f3n consciente.<br> <\/p> <p> El oro habita en quien se gobierna: crea, aprende, ense\u00f1a y resuelve, transmutando experiencia en conocimiento compartido.<br> <\/p><\/p>\n            <\/div>\n\n                            <div class=\"row d-flex justify-content-center\">\n                                            <div class=\"col-md-3 mb-4 text-center\" data-aos=\"fade-up\" data-aos-delay=\"200\">\n                            <h2 class=\"d-flex justify-content-center\"><i class=\"bi bi-compass me-2\"><\/i>Valores<\/h2>\n                            <p><p>\r\n  El n\u00facleo de toda creaci\u00f3n es el acto de valorar lo que haces.  \r\n  Desde ah\u00ed nace la intenci\u00f3n, la direcci\u00f3n y el sentido de cada obra.\r\n<\/p><\/p>\n                        <\/div>\n                                            <div class=\"col-md-3 mb-4 text-center\" data-aos=\"fade-up\" data-aos-delay=\"200\">\n                            <h2 class=\"d-flex justify-content-center\"><i class=\"bi bi-eye me-2\"><\/i>Cuidando<\/h2>\n                            <p><p>\r\n  El trabajo se cultiva con constancia.  \r\n  En el cuidado diario, las ideas crecen, maduran y se transforman en resultados reales.\r\n<\/p><\/p>\n                        <\/div>\n                                            <div class=\"col-md-3 mb-4 text-center\" data-aos=\"fade-up\" data-aos-delay=\"200\">\n                            <h2 class=\"d-flex justify-content-center\"><i class=\"bi bi-droplet me-2\"><\/i>Forjando<\/h2>\n                            <p><p>\r\n  El fuego de la experiencia templa el camino.  \r\n  No solo en los logros, sino en cada acci\u00f3n sostenida que da forma a lo que construyes.\r\n<\/p><\/p>\n                        <\/div>\n                                    <\/div>\n                    <\/div>\n    <\/section>\n    <\/div>\n","protected":false},"excerpt":{"rendered":"","protected":false},"author":2,"featured_media":0,"parent":0,"menu_order":0,"comment_status":"closed","ping_status":"closed","template":"","meta":{"_acf_changed":false,"footnotes":""},"class_list":["post-35","page","type-page","status-publish","hentry"],"acf":[],"jetpack_sharing_enabled":true,"_links":{"self":[{"href":"https:\/\/dutreras.cl\/blog\/wp-json\/wp\/v2\/pages\/35","targetHints":{"allow":["GET"]}}],"collection":[{"href":"https:\/\/dutreras.cl\/blog\/wp-json\/wp\/v2\/pages"}],"about":[{"href":"https:\/\/dutreras.cl\/blog\/wp-json\/wp\/v2\/types\/page"}],"author":[{"embeddable":true,"href":"https:\/\/dutreras.cl\/blog\/wp-json\/wp\/v2\/users\/2"}],"replies":[{"embeddable":true,"href":"https:\/\/dutreras.cl\/blog\/wp-json\/wp\/v2\/comments?post=35"}],"version-history":[{"count":101,"href":"https:\/\/dutreras.cl\/blog\/wp-json\/wp\/v2\/pages\/35\/revisions"}],"predecessor-version":[{"id":677,"href":"https:\/\/dutreras.cl\/blog\/wp-json\/wp\/v2\/pages\/35\/revisions\/677"}],"wp:attachment":[{"href":"https:\/\/dutreras.cl\/blog\/wp-json\/wp\/v2\/media?parent=35"}],"curies":[{"name":"wp","href":"https:\/\/api.w.org\/{rel}","templated":true}]}}