{"id":591,"date":"2025-08-03T18:27:58","date_gmt":"2025-08-03T18:27:58","guid":{"rendered":"https:\/\/dutreras.cl\/blog\/?page_id=591"},"modified":"2026-03-28T07:05:44","modified_gmt":"2026-03-28T07:05:44","slug":"start-up","status":"publish","type":"page","link":"https:\/\/dutreras.cl\/blog\/start-up\/","title":{"rendered":"Start &#8211; Up"},"content":{"rendered":"\n    <section id=\"hero-front\" class=\"ev-hero d-flex align-items-center justify-content-center text-white\"\n         style=\"background-image: linear-gradient(rgba(0,0,0,0.6), rgba(0,0,0,0.6)), url('https:\/\/dutreras.cl\/blog\/wp-content\/uploads\/2025\/08\/Bloque-7-1.png');\">\n        <div class=\"container text-center px-4 px-md-5\">\n            <h1 class=\"display-4 fw-bold mb-3 animate__animated animate__fadeInDown\">\n                Soluciones Digitales            <\/h1>\n            <p class=\"lead mb-4 animate__animated animate__fadeInUp\">\n                Me especializo en dise\u00f1ar y acompa\u00f1ar transformaciones, mentor\u00edas y automatizaciones sist\u00e9micas.            <\/p>\n            <a href=\"https:\/\/calendly.com\/dutreras369\/30min\" class=\"btn btn-lg btn-sale shadow animate__animated animate__fadeInUp\">\n               <i class=\"bi bi-diagram-3 me-2\"><\/i> Onboarding\n            <\/a>\n        <\/div>\n    <\/section>\n\n\n","protected":false},"excerpt":{"rendered":"","protected":false},"author":2,"featured_media":0,"parent":0,"menu_order":0,"comment_status":"closed","ping_status":"closed","template":"","meta":{"_acf_changed":false,"footnotes":""},"class_list":["post-591","page","type-page","status-publish","hentry"],"acf":[],"jetpack_sharing_enabled":true,"_links":{"self":[{"href":"https:\/\/dutreras.cl\/blog\/wp-json\/wp\/v2\/pages\/591","targetHints":{"allow":["GET"]}}],"collection":[{"href":"https:\/\/dutreras.cl\/blog\/wp-json\/wp\/v2\/pages"}],"about":[{"href":"https:\/\/dutreras.cl\/blog\/wp-json\/wp\/v2\/types\/page"}],"author":[{"embeddable":true,"href":"https:\/\/dutreras.cl\/blog\/wp-json\/wp\/v2\/users\/2"}],"replies":[{"embeddable":true,"href":"https:\/\/dutreras.cl\/blog\/wp-json\/wp\/v2\/comments?post=591"}],"version-history":[{"count":14,"href":"https:\/\/dutreras.cl\/blog\/wp-json\/wp\/v2\/pages\/591\/revisions"}],"predecessor-version":[{"id":676,"href":"https:\/\/dutreras.cl\/blog\/wp-json\/wp\/v2\/pages\/591\/revisions\/676"}],"wp:attachment":[{"href":"https:\/\/dutreras.cl\/blog\/wp-json\/wp\/v2\/media?parent=591"}],"curies":[{"name":"wp","href":"https:\/\/api.w.org\/{rel}","templated":true}]}}